{"id":39,"date":"2014-01-07T22:14:21","date_gmt":"2014-01-07T21:14:21","guid":{"rendered":"http:\/\/circoloculturalesanfrancesco.org\/?page_id=39"},"modified":"2014-01-28T09:45:05","modified_gmt":"2014-01-28T08:45:05","slug":"chi-siamo","status":"publish","type":"page","link":"https:\/\/circoloculturalesanfrancesco.org\/site\/chi-siamo\/","title":{"rendered":"Chi siamo"},"content":{"rendered":"<div class=\"pdfprnt-buttons pdfprnt-buttons-page pdfprnt-top-right\"><a href=\"https:\/\/circoloculturalesanfrancesco.org\/site\/wp-json\/wp\/v2\/pages\/39?print=pdf\" class=\"pdfprnt-button pdfprnt-button-pdf\" target=\"_blank\"><img decoding=\"async\" src=\"https:\/\/circoloculturalesanfrancesco.org\/site\/wp-content\/plugins\/pdf-print\/images\/pdf.png\" alt=\"image_pdf\" title=\"Visualizza PDF\" \/><\/a><\/div><p style=\"text-align: justify;\">Il \u00ab<span style=\"color: #ff0000;\">Circolo Culturale San Francesco<\/span>\u00bb \u00e8 una libera associazione a carattere culturale e spirituale \u2013 costituita con l\u2019atto notarile come \u00abAssociazione Circolo Culturale San Francesco\u00bb (29.12.2011) \u2013 a chiusura del giubileo d\u2019oro della Parrocchia \u00abSacro Cuore\u00bb in Catanzaro Lido (4.10.2011).<\/p>\n<p style=\"text-align: justify;\">Il Circolo, aperto a tutti coloro che ne condividono le finalit\u00e0, si propone di mantenere vivo e tramandare il ricordo, lo spirito e l\u2019umanit\u00e0 di s. Francesco d\u2019Assisi (\u2020 1226), fondatore dei tre Ordini e patrono d\u2019Italia, e offrire \u2013 a tutti coloro che si sentono vicini allo spirito francescano \u2013 un\u2019occasione di rinnovamento della vita personale, familiare e sociale, nonch\u00e9 un contributo alla \u00abriparazione della Chiesa\u00bb (cfr. 2 Cel VI 10: FF 593) e della Comunit\u00e0 civile con un assiduo impegno.<\/p>\n<p style=\"text-align: center;\" align=\"CENTER\"><a href=\"https:\/\/circoloculturalesanfrancesco.org\/site\/wp-content\/uploads\/2014\/01\/logo-chi-siamo.jpg\"><img loading=\"lazy\" decoding=\"async\" class=\"alignnone size-medium wp-image-83\" alt=\"logo-chi-siamo\" src=\"https:\/\/circoloculturalesanfrancesco.org\/site\/wp-content\/uploads\/2014\/01\/logo-chi-siamo-300x275.jpg\" width=\"148\" height=\"135\" srcset=\"https:\/\/circoloculturalesanfrancesco.org\/site\/wp-content\/uploads\/2014\/01\/logo-chi-siamo-300x275.jpg 300w, https:\/\/circoloculturalesanfrancesco.org\/site\/wp-content\/uploads\/2014\/01\/logo-chi-siamo-100x91.jpg 100w, https:\/\/circoloculturalesanfrancesco.org\/site\/wp-content\/uploads\/2014\/01\/logo-chi-siamo-83x77.jpg 83w, https:\/\/circoloculturalesanfrancesco.org\/site\/wp-content\/uploads\/2014\/01\/logo-chi-siamo.jpg 535w\" sizes=\"(max-width: 148px) 100vw, 148px\" \/><\/a><\/p>\n<p style=\"text-align: justify;\">Il <span style=\"color: #ff0000;\"><b>cerchio<\/b><\/span> rappresenta la perfezione, la compiutezza, l\u2019unione, ci\u00f2 che non ha rottura e cesura.<\/p>\n<p style=\"text-align: justify;\">Il <span style=\"color: #ff0000;\"><b>Sacro Cuore<\/b><\/span> \u00e8 l\u2019essenza stessa del dono totale di Ges\u00f9 per tutta l\u2019umanit\u00e0.<\/p>\n<p style=\"text-align: justify;\">Il <span style=\"color: #ff0000;\"><b>lupo<\/b><\/span>, animale selvaggio, \u00e8 portatore di distruzione, ma anche di conoscenza, domato dallo Spirito del Signore per mano di Francesco.<\/p>\n<p style=\"text-align: justify;\"><span style=\"color: #ff0000;\"><b>Francesco<\/b><\/span> \u00e8 portatore della volont\u00e0 di Dio per essere tra gli uomini conforto per i pi\u00f9 deboli e i reietti della societ\u00e0 che, abbandonati, traditi e inghiottiti dall\u2019uomo (il lupo), trovano in lui la speranza della rinascita nella fede in Dio. Le sue mani, rivolte al lupo in segno d\u2019imposizione e d\u2019accoglienza, indicano la volont\u00e0 del Signore di farci tutti suoi figli nella capacit\u00e0 di redimerci e renderci pi\u00f9 umani, allontanandoci dalla primitiva intelligenza dell\u2019animale e elevandoci ad un livello superiore di spiritualit\u00e0 e di condivisione di vita.<\/p>\n","protected":false},"excerpt":{"rendered":"<p>Il \u00abCircolo Culturale San Francesco\u00bb \u00e8 una libera associazione a carattere culturale e spirituale \u2013 costituita con l\u2019atto notarile come \u00abAssociazione Circolo Culturale San Francesco\u00bb (29.12.2011) \u2013 a chiusura del giubileo d\u2019oro della Parrocchia&#46;&#46;&#46;<\/p>\n","protected":false},"author":9,"featured_media":0,"parent":0,"menu_order":0,"comment_status":"closed","ping_status":"closed","template":"","meta":{"ngg_post_thumbnail":0,"footnotes":""},"yoast_head":"<!-- This site is optimized with the Yoast SEO plugin v18.3 - https:\/\/yoast.com\/wordpress\/plugins\/seo\/ -->\n<title>Chi siamo -<\/title>\n<meta name=\"description\" content=\"Il \u00abCircolo Culturale San Francesco\u00bb \u00e8 una libera associazione a carattere culturale e spirituale\" \/>\n<meta name=\"robots\" content=\"index, follow, max-snippet:-1, max-image-preview:large, max-video-preview:-1\" \/>\n<link rel=\"canonical\" href=\"https:\/\/circoloculturalesanfrancesco.org\/chi-siamo\/\" \/>\n<meta property=\"og:locale\" content=\"it_IT\" \/>\n<meta property=\"og:type\" content=\"article\" \/>\n<meta property=\"og:title\" content=\"Chi siamo -\" \/>\n<meta property=\"og:description\" content=\"Il \u00abCircolo Culturale San Francesco\u00bb \u00e8 una libera associazione a carattere culturale e spirituale\" \/>\n<meta property=\"og:url\" content=\"https:\/\/circoloculturalesanfrancesco.org\/chi-siamo\/\" \/>\n<meta property=\"article:modified_time\" content=\"2014-01-28T08:45:05+00:00\" \/>\n<meta property=\"og:image\" content=\"https:\/\/circoloculturalesanfrancesco.org\/site\/wp-content\/uploads\/2014\/01\/logo-chi-siamo-300x275.jpg\" \/>\n<meta name=\"twitter:label1\" content=\"Tempo di lettura stimato\" \/>\n\t<meta name=\"twitter:data1\" content=\"1 minuto\" \/>\n<script type=\"application\/ld+json\" class=\"yoast-schema-graph\">{\"@context\":\"https:\/\/schema.org\",\"@graph\":[{\"@type\":\"WebSite\",\"@id\":\"https:\/\/circoloculturalesanfrancesco.org\/site\/#website\",\"url\":\"https:\/\/circoloculturalesanfrancesco.org\/site\/\",\"name\":\"\",\"description\":\"\",\"potentialAction\":[{\"@type\":\"SearchAction\",\"target\":{\"@type\":\"EntryPoint\",\"urlTemplate\":\"https:\/\/circoloculturalesanfrancesco.org\/site\/?s={search_term_string}\"},\"query-input\":\"required name=search_term_string\"}],\"inLanguage\":\"it-IT\"},{\"@type\":\"ImageObject\",\"@id\":\"https:\/\/circoloculturalesanfrancesco.org\/chi-siamo\/#primaryimage\",\"inLanguage\":\"it-IT\",\"url\":\"https:\/\/circoloculturalesanfrancesco.org\/site\/wp-content\/uploads\/2014\/01\/logo-chi-siamo.jpg\",\"contentUrl\":\"https:\/\/circoloculturalesanfrancesco.org\/site\/wp-content\/uploads\/2014\/01\/logo-chi-siamo.jpg\",\"width\":535,\"height\":491},{\"@type\":\"WebPage\",\"@id\":\"https:\/\/circoloculturalesanfrancesco.org\/chi-siamo\/#webpage\",\"url\":\"https:\/\/circoloculturalesanfrancesco.org\/chi-siamo\/\",\"name\":\"Chi siamo -\",\"isPartOf\":{\"@id\":\"https:\/\/circoloculturalesanfrancesco.org\/site\/#website\"},\"primaryImageOfPage\":{\"@id\":\"https:\/\/circoloculturalesanfrancesco.org\/chi-siamo\/#primaryimage\"},\"datePublished\":\"2014-01-07T21:14:21+00:00\",\"dateModified\":\"2014-01-28T08:45:05+00:00\",\"description\":\"Il \u00abCircolo Culturale San Francesco\u00bb \u00e8 una libera associazione a carattere culturale e spirituale\",\"breadcrumb\":{\"@id\":\"https:\/\/circoloculturalesanfrancesco.org\/chi-siamo\/#breadcrumb\"},\"inLanguage\":\"it-IT\",\"potentialAction\":[{\"@type\":\"ReadAction\",\"target\":[\"https:\/\/circoloculturalesanfrancesco.org\/chi-siamo\/\"]}]},{\"@type\":\"BreadcrumbList\",\"@id\":\"https:\/\/circoloculturalesanfrancesco.org\/chi-siamo\/#breadcrumb\",\"itemListElement\":[{\"@type\":\"ListItem\",\"position\":1,\"name\":\"Home\",\"item\":\"https:\/\/circoloculturalesanfrancesco.org\/site\/\"},{\"@type\":\"ListItem\",\"position\":2,\"name\":\"Chi siamo\"}]}]}<\/script>\n<!-- \/ Yoast SEO plugin. -->","yoast_head_json":{"title":"Chi siamo -","description":"Il \u00abCircolo Culturale San Francesco\u00bb \u00e8 una libera associazione a carattere culturale e spirituale","robots":{"index":"index","follow":"follow","max-snippet":"max-snippet:-1","max-image-preview":"max-image-preview:large","max-video-preview":"max-video-preview:-1"},"canonical":"https:\/\/circoloculturalesanfrancesco.org\/chi-siamo\/","og_locale":"it_IT","og_type":"article","og_title":"Chi siamo -","og_description":"Il \u00abCircolo Culturale San Francesco\u00bb \u00e8 una libera associazione a carattere culturale e spirituale","og_url":"https:\/\/circoloculturalesanfrancesco.org\/chi-siamo\/","article_modified_time":"2014-01-28T08:45:05+00:00","og_image":[{"url":"https:\/\/circoloculturalesanfrancesco.org\/site\/wp-content\/uploads\/2014\/01\/logo-chi-siamo-300x275.jpg"}],"twitter_misc":{"Tempo di lettura stimato":"1 minuto"},"schema":{"@context":"https:\/\/schema.org","@graph":[{"@type":"WebSite","@id":"https:\/\/circoloculturalesanfrancesco.org\/site\/#website","url":"https:\/\/circoloculturalesanfrancesco.org\/site\/","name":"","description":"","potentialAction":[{"@type":"SearchAction","target":{"@type":"EntryPoint","urlTemplate":"https:\/\/circoloculturalesanfrancesco.org\/site\/?s={search_term_string}"},"query-input":"required name=search_term_string"}],"inLanguage":"it-IT"},{"@type":"ImageObject","@id":"https:\/\/circoloculturalesanfrancesco.org\/chi-siamo\/#primaryimage","inLanguage":"it-IT","url":"https:\/\/circoloculturalesanfrancesco.org\/site\/wp-content\/uploads\/2014\/01\/logo-chi-siamo.jpg","contentUrl":"https:\/\/circoloculturalesanfrancesco.org\/site\/wp-content\/uploads\/2014\/01\/logo-chi-siamo.jpg","width":535,"height":491},{"@type":"WebPage","@id":"https:\/\/circoloculturalesanfrancesco.org\/chi-siamo\/#webpage","url":"https:\/\/circoloculturalesanfrancesco.org\/chi-siamo\/","name":"Chi siamo -","isPartOf":{"@id":"https:\/\/circoloculturalesanfrancesco.org\/site\/#website"},"primaryImageOfPage":{"@id":"https:\/\/circoloculturalesanfrancesco.org\/chi-siamo\/#primaryimage"},"datePublished":"2014-01-07T21:14:21+00:00","dateModified":"2014-01-28T08:45:05+00:00","description":"Il \u00abCircolo Culturale San Francesco\u00bb \u00e8 una libera associazione a carattere culturale e spirituale","breadcrumb":{"@id":"https:\/\/circoloculturalesanfrancesco.org\/chi-siamo\/#breadcrumb"},"inLanguage":"it-IT","potentialAction":[{"@type":"ReadAction","target":["https:\/\/circoloculturalesanfrancesco.org\/chi-siamo\/"]}]},{"@type":"BreadcrumbList","@id":"https:\/\/circoloculturalesanfrancesco.org\/chi-siamo\/#breadcrumb","itemListElement":[{"@type":"ListItem","position":1,"name":"Home","item":"https:\/\/circoloculturalesanfrancesco.org\/site\/"},{"@type":"ListItem","position":2,"name":"Chi siamo"}]}]}},"_links":{"self":[{"href":"https:\/\/circoloculturalesanfrancesco.org\/site\/wp-json\/wp\/v2\/pages\/39"}],"collection":[{"href":"https:\/\/circoloculturalesanfrancesco.org\/site\/wp-json\/wp\/v2\/pages"}],"about":[{"href":"https:\/\/circoloculturalesanfrancesco.org\/site\/wp-json\/wp\/v2\/types\/page"}],"author":[{"embeddable":true,"href":"https:\/\/circoloculturalesanfrancesco.org\/site\/wp-json\/wp\/v2\/users\/9"}],"replies":[{"embeddable":true,"href":"https:\/\/circoloculturalesanfrancesco.org\/site\/wp-json\/wp\/v2\/comments?post=39"}],"version-history":[{"count":11,"href":"https:\/\/circoloculturalesanfrancesco.org\/site\/wp-json\/wp\/v2\/pages\/39\/revisions"}],"predecessor-version":[{"id":209,"href":"https:\/\/circoloculturalesanfrancesco.org\/site\/wp-json\/wp\/v2\/pages\/39\/revisions\/209"}],"wp:attachment":[{"href":"https:\/\/circoloculturalesanfrancesco.org\/site\/wp-json\/wp\/v2\/media?parent=39"}],"curies":[{"name":"wp","href":"https:\/\/api.w.org\/{rel}","templated":true}]}}